{"id":7116,"date":"2023-10-27T14:24:27","date_gmt":"2023-10-27T14:24:27","guid":{"rendered":"https:\/\/tunisialodge.com\/index.php\/gallery-1-copy\/"},"modified":"2023-11-27T14:07:55","modified_gmt":"2023-11-27T14:07:55","slug":"offers","status":"publish","type":"page","link":"https:\/\/tunisialodge.com\/index.php\/offers\/","title":{"rendered":"Offers"},"content":{"rendered":"\t\t<div data-elementor-type=\"wp-post\" data-elementor-id=\"7116\" class=\"elementor elementor-7116\" data-elementor-post-type=\"page\">\n\t\t\t\t<div class=\"elementor-element elementor-element-e7ad7a5 e-con-full e-flex wpr-particle-no wpr-jarallax-no wpr-parallax-no wpr-sticky-section-no e-con e-parent\" data-id=\"e7ad7a5\" data-element_type=\"container\">\n\t\t\t\t<div class=\"elementor-element elementor-element-4a7163c elementor--h-position-center elementor--v-position-middle elementor-arrows-position-inside elementor-pagination-position-inside elementor-widget elementor-widget-slides\" data-id=\"4a7163c\" data-element_type=\"widget\" data-settings=\"{&quot;navigation&quot;:&quot;both&quot;,&quot;autoplay&quot;:&quot;yes&quot;,&quot;pause_on_hover&quot;:&quot;yes&quot;,&quot;pause_on_interaction&quot;:&quot;yes&quot;,&quot;autoplay_speed&quot;:5000,&quot;infinite&quot;:&quot;yes&quot;,&quot;transition&quot;:&quot;slide&quot;,&quot;transition_speed&quot;:500}\" data-widget_type=\"slides.default\">\n\t\t\t\t<div class=\"elementor-widget-container\">\n\t\t\t<style>\/*! pro-elements - v3.14.0 - 18-06-2023 *\/\n.elementor-slides .swiper-slide-bg{background-size:cover;background-position:50%;background-repeat:no-repeat;min-width:100%;min-height:100%}.elementor-slides .swiper-slide-inner{background-repeat:no-repeat;background-position:50%;position:absolute;top:0;left:0;bottom:0;right:0;padding:50px;margin:auto}.elementor-slides .swiper-slide-inner,.elementor-slides .swiper-slide-inner:hover{color:#fff;display:flex}.elementor-slides .swiper-slide-inner .elementor-background-overlay{position:absolute;z-index:0;top:0;bottom:0;left:0;right:0}.elementor-slides .swiper-slide-inner .elementor-slide-content{position:relative;z-index:1;width:100%}.elementor-slides .swiper-slide-inner .elementor-slide-heading{font-size:35px;font-weight:700;line-height:1}.elementor-slides .swiper-slide-inner .elementor-slide-description{font-size:17px;line-height:1.4}.elementor-slides .swiper-slide-inner .elementor-slide-description:not(:last-child),.elementor-slides .swiper-slide-inner .elementor-slide-heading:not(:last-child){margin-bottom:30px}.elementor-slides .swiper-slide-inner .elementor-slide-button{border:2px solid #fff;color:#fff;background:transparent;display:inline-block}.elementor-slides .swiper-slide-inner .elementor-slide-button,.elementor-slides .swiper-slide-inner .elementor-slide-button:hover{background:transparent;color:inherit;text-decoration:none}.elementor--v-position-top .swiper-slide-inner{align-items:flex-start}.elementor--v-position-bottom .swiper-slide-inner{align-items:flex-end}.elementor--v-position-middle .swiper-slide-inner{align-items:center}.elementor--h-position-left .swiper-slide-inner{justify-content:flex-start}.elementor--h-position-right .swiper-slide-inner{justify-content:flex-end}.elementor--h-position-center .swiper-slide-inner{justify-content:center}body.rtl .elementor-widget-slides .elementor-swiper-button-next{left:10px;right:auto}body.rtl .elementor-widget-slides .elementor-swiper-button-prev{right:10px;left:auto}.elementor-slides-wrapper div:not(.swiper-slide)>.swiper-slide-inner{display:none}@media (max-width:767px){.elementor-slides .swiper-slide-inner{padding:30px}.elementor-slides .swiper-slide-inner .elementor-slide-heading{font-size:23px;line-height:1;margin-bottom:15px}.elementor-slides .swiper-slide-inner .elementor-slide-description{font-size:13px;line-height:1.4;margin-bottom:15px}}<\/style>\t\t<div class=\"elementor-swiper\">\n\t\t\t<div class=\"elementor-slides-wrapper elementor-main-swiper swiper-container\" dir=\"ltr\" data-animation=\"fadeInUp\">\n\t\t\t\t<div class=\"swiper-wrapper elementor-slides\">\n\t\t\t\t\t\t\t\t\t\t<div class=\"elementor-repeater-item-de1ddaa swiper-slide\"><div class=\"swiper-slide-bg\" role=\"img\"><\/div><div class=\"swiper-slide-inner\" ><div class=\"swiper-slide-contents\"><\/div><\/div><\/div>\t\t\t\t<\/div>\n\t\t\t\t\t\t\t<\/div>\n\t\t<\/div>\n\t\t\t\t<\/div>\n\t\t\t\t<\/div>\n\t\t\t\t<\/div>\n\t\t<header class=\"elementor-element elementor-element-52ea631 e-con-full e-flex wpr-particle-no wpr-jarallax-no wpr-parallax-no wpr-sticky-section-no e-con e-parent\" data-id=\"52ea631\" data-element_type=\"container\">\n\t\t\t\t<\/header>\n\t\t\t\t<section class=\"elementor-section elementor-top-section elementor-element elementor-element-307aefb elementor-section-boxed elementor-section-height-default elementor-section-height-default wpr-particle-no wpr-jarallax-no wpr-parallax-no wpr-sticky-section-no\" data-id=\"307aefb\" data-element_type=\"section\">\n\t\t\t\t\t\t<div class=\"elementor-container elementor-column-gap-no\">\n\t\t\t\t\t<div class=\"elementor-column elementor-col-100 elementor-top-column elementor-element elementor-element-c853bc4\" data-id=\"c853bc4\" data-element_type=\"column\">\n\t\t\t<div class=\"elementor-widget-wrap elementor-element-populated\">\n\t\t\t\t\t\t<div class=\"elementor-element elementor-element-714ac31 elementor-widget elementor-widget-ova_heading\" data-id=\"714ac31\" data-element_type=\"widget\" data-widget_type=\"ova_heading.default\">\n\t\t\t\t<div class=\"elementor-widget-container\">\n\t\t\t\t\t\n\t\t<div class=\"ova_heading version_3 \">\n\t\t\t<div class=\"icon_top\"><i class=\"fa fa-home\"><\/i><\/div>\n\t\t\t<div class=\"sub_title second_font\">D\u00e9couvrir<\/div>\n\t\t\t<div class=\"title second_font\">\n\t\t\t\t<span class=\"line_left\"><\/span>\n\t\t\t\t<div class=\"text_title\"> \u00ab Sp\u00e9cial R\u00e9veillon \u00bb : Venez f\u00eater la nouvelle Ann\u00e9e \u00e0 l\u2019h\u00f4tel Tunisia Lodge <\/div>\n\t\t\t\t<span class=\"line_right\"><\/span>\n\t\t\t<\/div>\n\t\t\t<div class=\"line_bottom\"><\/div>\n\t\t\t<div class=\"description second_font\"><\/div>\n\t\t\t\t\t\t\t<img decoding=\"async\" class=\"images\" src=\"https:\/\/tunisialodge.com\/wp-content\/plugins\/ova-framework\/\/assets\/img\/line_heading.png\" alt=\"\" \/>\n\t\t\t\t\t\t<div class=\"icon_bottom\"><i class=\"\"><\/i><\/div>\n\t\t<\/div>\n\n\t\t\t\t<\/div>\n\t\t\t\t<\/div>\n\t\t\t\t<div class=\"elementor-element elementor-element-aa419e2 elementor-widget elementor-widget-ova_offers_5\" data-id=\"aa419e2\" data-element_type=\"widget\" data-widget_type=\"ova_offers_5.default\">\n\t\t\t\t<div class=\"elementor-widget-container\">\n\t\t\t\t\t<div class=\"offers_5 \">\n\t\t\t<img decoding=\"async\" src=\"https:\/\/tunisialodge.com\/wp-content\/uploads\/2023\/11\/Christmas-bonus-2023-Requirement-1.png\" alt=\"\">\n\t\t\t<div class=\"overlay_content\"><\/div>\n\t\t\t<div class=\"content\">\n\t\t\t\t<div class=\"price\">\n\t\t\t\t\t<span class=\"number_price second_font\"><\/span>\n\t\t\t\t\t<span class=\"slash\"><\/span>\n\t\t\t\t\t<span class=\"text_price\">Night<\/span>\n\t\t\t\t<\/div>\n\t\t\t\t<div class=\"title second_font\">Du 16 D\u00e9cembre au 05 Janvier <\/div>\n\t\t\t\t<div class=\"description\">Soir\u00e9e du 31 12 2023 : Soir\u00e9e avec Animation Orientale et Buffet Gourmant <\/br> Prix sans h\u00e9bergement : 37 \u20ac\/ par personne (Carte des Boissons en suppl\u00e9ment)  <\/br>Pack 1 nuit : 70 \u20ac Demi-pension \/ par personne (Carte des Boissons en suppl\u00e9ment)  <\/br>Pack 2 nuits : 83 \u20ac Demi-pension \/ par personne (Carte des Boissons en suppl\u00e9ment)  <\/br>Pack 3 nuits : 105 \u20ac Demi-pension \/ par personne (Carte des Boissons en suppl\u00e9ment)<\/br>  Pack 4 nuits : 125 \u20ac Demi-pension \/ par personne (Carte des Boissons en suppl\u00e9ment) <\/div>\n\t\t\t\t<div class=\"button\">\n\t\t\t\t\t<a class=\"text_button elementor-animation-\" href=\"\"  target=&quot;_blank&quot; ><\/a>\n\t\t\t\t<\/div>\n\t\t\t<\/div>\n\t\t\t<div class=\"discount second_font\">-50%<\/div>\n\t\t<\/div>\n\t\t\t\t<\/div>\n\t\t\t\t<\/div>\n\t\t\t\t\t<\/div>\n\t\t<\/div>\n\t\t\t\t\t<\/div>\n\t\t<\/section>\n\t\t\t\t<section class=\"elementor-section elementor-top-section elementor-element elementor-element-fde021b elementor-section-boxed elementor-section-height-default elementor-section-height-default wpr-particle-no wpr-jarallax-no wpr-parallax-no wpr-sticky-section-no\" data-id=\"fde021b\" data-element_type=\"section\">\n\t\t\t\t\t\t<div class=\"elementor-container elementor-column-gap-no\">\n\t\t\t\t\t<div class=\"elementor-column elementor-col-100 elementor-top-column elementor-element elementor-element-86498de\" data-id=\"86498de\" data-element_type=\"column\">\n\t\t\t<div class=\"elementor-widget-wrap elementor-element-populated\">\n\t\t\t\t\t\t<div class=\"elementor-element elementor-element-da65334 elementor-widget elementor-widget-ova_heading\" data-id=\"da65334\" data-element_type=\"widget\" data-widget_type=\"ova_heading.default\">\n\t\t\t\t<div class=\"elementor-widget-container\">\n\t\t\t\t\t\n\t\t<div class=\"ova_heading version_3 \">\n\t\t\t<div class=\"icon_top\"><i class=\"fa fa-home\"><\/i><\/div>\n\t\t\t<div class=\"sub_title second_font\">D\u00e9couvrir<\/div>\n\t\t\t<div class=\"title second_font\">\n\t\t\t\t<span class=\"line_left\"><\/span>\n\t\t\t\t<div class=\"text_title\">Package long s\u00e9jour <\/div>\n\t\t\t\t<span class=\"line_right\"><\/span>\n\t\t\t<\/div>\n\t\t\t<div class=\"line_bottom\"><\/div>\n\t\t\t<div class=\"description second_font\"><\/div>\n\t\t\t\t\t\t\t<img decoding=\"async\" class=\"images\" src=\"https:\/\/tunisialodge.com\/wp-content\/plugins\/ova-framework\/\/assets\/img\/line_heading.png\" alt=\"\" \/>\n\t\t\t\t\t\t<div class=\"icon_bottom\"><i class=\"\"><\/i><\/div>\n\t\t<\/div>\n\n\t\t\t\t<\/div>\n\t\t\t\t<\/div>\n\t\t\t\t<div class=\"elementor-element elementor-element-c6a4973 elementor-widget elementor-widget-ova_offers_5\" data-id=\"c6a4973\" data-element_type=\"widget\" data-widget_type=\"ova_offers_5.default\">\n\t\t\t\t<div class=\"elementor-widget-container\">\n\t\t\t\t\t<div class=\"offers_5 right\">\n\t\t\t<img decoding=\"async\" src=\"https:\/\/tunisialodge.com\/wp-content\/uploads\/2023\/11\/WhatsApp-Image-2023-10-27-a-16.41.18_0af4426f.png\" alt=\"\">\n\t\t\t<div class=\"overlay_content\"><\/div>\n\t\t\t<div class=\"content\">\n\t\t\t\t<div class=\"price\">\n\t\t\t\t\t<span class=\"number_price second_font\"><\/span>\n\t\t\t\t\t<span class=\"slash\"><\/span>\n\t\t\t\t\t<span class=\"text_price\">Night<\/span>\n\t\t\t\t<\/div>\n\t\t\t\t<div class=\"title second_font\">Du 01 d\u00e9cembre  \u00e0 28 f\u00e9vrier<\/div>\n\t\t\t\t<div class=\"description\">Profitez de passer l\u2019hiver au soleil. <\/br> S\u00e9jour de 10 jours \u00e0 partir de 490 \u20ac en demi-pension (suppl\u00e9ment single 15\u20ac\/jour) <\/div>\n\t\t\t\t<div class=\"button\">\n\t\t\t\t\t<a class=\"text_button elementor-animation-\" href=\"\"  target=&quot;_blank&quot; ><\/a>\n\t\t\t\t<\/div>\n\t\t\t<\/div>\n\t\t\t<div class=\"discount second_font\">-35%<\/div>\n\t\t<\/div>\n\t\t\t\t<\/div>\n\t\t\t\t<\/div>\n\t\t\t\t\t<\/div>\n\t\t<\/div>\n\t\t\t\t\t<\/div>\n\t\t<\/section>\n\t\t\t\t<section class=\"elementor-section elementor-top-section elementor-element elementor-element-0fb4617 elementor-section-boxed elementor-section-height-default elementor-section-height-default wpr-particle-no wpr-jarallax-no wpr-parallax-no wpr-sticky-section-no\" data-id=\"0fb4617\" data-element_type=\"section\">\n\t\t\t\t\t\t<div class=\"elementor-container elementor-column-gap-no\">\n\t\t\t\t\t<div class=\"elementor-column elementor-col-100 elementor-top-column elementor-element elementor-element-db23097\" data-id=\"db23097\" data-element_type=\"column\">\n\t\t\t<div class=\"elementor-widget-wrap elementor-element-populated\">\n\t\t\t\t\t\t<div class=\"elementor-element elementor-element-ba158c1 elementor-widget elementor-widget-ova_heading\" data-id=\"ba158c1\" data-element_type=\"widget\" data-widget_type=\"ova_heading.default\">\n\t\t\t\t<div class=\"elementor-widget-container\">\n\t\t\t\t\t\n\t\t<div class=\"ova_heading version_3 \">\n\t\t\t<div class=\"icon_top\"><i class=\"fa fa-home\"><\/i><\/div>\n\t\t\t<div class=\"sub_title second_font\">D\u00e9couvrir<\/div>\n\t\t\t<div class=\"title second_font\">\n\t\t\t\t<span class=\"line_left\"><\/span>\n\t\t\t\t<div class=\"text_title\">Pack Business D\u00e9tente <\/div>\n\t\t\t\t<span class=\"line_right\"><\/span>\n\t\t\t<\/div>\n\t\t\t<div class=\"line_bottom\"><\/div>\n\t\t\t<div class=\"description second_font\"><\/div>\n\t\t\t\t\t\t\t<img decoding=\"async\" class=\"images\" src=\"https:\/\/tunisialodge.com\/wp-content\/plugins\/ova-framework\/\/assets\/img\/line_heading.png\" alt=\"\" \/>\n\t\t\t\t\t\t<div class=\"icon_bottom\"><i class=\"\"><\/i><\/div>\n\t\t<\/div>\n\n\t\t\t\t<\/div>\n\t\t\t\t<\/div>\n\t\t\t\t<div class=\"elementor-element elementor-element-acddcb1 elementor-widget elementor-widget-ova_offers_5\" data-id=\"acddcb1\" data-element_type=\"widget\" data-widget_type=\"ova_offers_5.default\">\n\t\t\t\t<div class=\"elementor-widget-container\">\n\t\t\t\t\t<div class=\"offers_5 \">\n\t\t\t<img decoding=\"async\" src=\"https:\/\/tunisialodge.com\/wp-content\/uploads\/2023\/11\/Screenshot_20230814_163615_Maps.png\" alt=\"\">\n\t\t\t<div class=\"overlay_content\"><\/div>\n\t\t\t<div class=\"content\">\n\t\t\t\t<div class=\"price\">\n\t\t\t\t\t<span class=\"number_price second_font\"><\/span>\n\t\t\t\t\t<span class=\"slash\"><\/span>\n\t\t\t\t\t<span class=\"text_price\">Night<\/span>\n\t\t\t\t<\/div>\n\t\t\t\t<div class=\"title second_font\">De 15 d\u00e9cembre au 15 janvier<\/div>\n\t\t\t\t<div class=\"description\">Offrez \u00e0 vos clients VIP ou \u00e0 vos \u00e9quipes un break bien m\u00e9rit\u00e9 \u00e0 l\u2019h\u00f4tel Tunisia lodge<\/br> 2 nuits en Pension compl\u00e8te avec mise \u00e0 disposition d\u2019une salle de r\u00e9union   <\/br>Prix Forfaitaire : 75 \u20ac\/par personne  Upgrade offert en Suites (selon disponibilit\u00e9)  Suppl\u00e9ment Single : 12 \u20ac <\/div>\n\t\t\t\t<div class=\"button\">\n\t\t\t\t\t<a class=\"text_button elementor-animation-\" href=\"\"  target=&quot;_blank&quot; ><\/a>\n\t\t\t\t<\/div>\n\t\t\t<\/div>\n\t\t\t<div class=\"discount second_font\">-50%<\/div>\n\t\t<\/div>\n\t\t\t\t<\/div>\n\t\t\t\t<\/div>\n\t\t\t\t\t<\/div>\n\t\t<\/div>\n\t\t\t\t\t<\/div>\n\t\t<\/section>\n\t\t\t\t<\/div>\n\t\t","protected":false},"excerpt":{"rendered":"<p>D\u00e9couvrir \u00ab Sp\u00e9cial R\u00e9veillon \u00bb : Venez f\u00eater la nouvelle Ann\u00e9e \u00e0 l\u2019h\u00f4tel Tunisia Lodge Night Du 16 D\u00e9cembre au 05 Janvier Soir\u00e9e du 31 12 2023 : Soir\u00e9e avec Animation Orientale et Buffet Gourmant Prix sans h\u00e9bergement : 37 \u20ac\/ par personne (Carte des Boissons en suppl\u00e9ment) Pack 1 nuit : 70 \u20ac Demi-pension [&hellip;]<\/p>\n","protected":false},"author":1,"featured_media":7161,"parent":0,"menu_order":0,"comment_status":"closed","ping_status":"closed","template":"elementor_header_footer","meta":{"_vp_format_video_url":"","_vp_image_focal_point":[],"footnotes":""},"class_list":["post-7116","page","type-page","status-publish","has-post-thumbnail","hentry"],"_links":{"self":[{"href":"https:\/\/tunisialodge.com\/index.php\/wp-json\/wp\/v2\/pages\/7116","targetHints":{"allow":["GET"]}}],"collection":[{"href":"https:\/\/tunisialodge.com\/index.php\/wp-json\/wp\/v2\/pages"}],"about":[{"href":"https:\/\/tunisialodge.com\/index.php\/wp-json\/wp\/v2\/types\/page"}],"author":[{"embeddable":true,"href":"https:\/\/tunisialodge.com\/index.php\/wp-json\/wp\/v2\/users\/1"}],"replies":[{"embeddable":true,"href":"https:\/\/tunisialodge.com\/index.php\/wp-json\/wp\/v2\/comments?post=7116"}],"version-history":[{"count":141,"href":"https:\/\/tunisialodge.com\/index.php\/wp-json\/wp\/v2\/pages\/7116\/revisions"}],"predecessor-version":[{"id":9657,"href":"https:\/\/tunisialodge.com\/index.php\/wp-json\/wp\/v2\/pages\/7116\/revisions\/9657"}],"wp:featuredmedia":[{"embeddable":true,"href":"https:\/\/tunisialodge.com\/index.php\/wp-json\/wp\/v2\/media\/7161"}],"wp:attachment":[{"href":"https:\/\/tunisialodge.com\/index.php\/wp-json\/wp\/v2\/media?parent=7116"}],"curies":[{"name":"wp","href":"https:\/\/api.w.org\/{rel}","templated":true}]}}