{"id":8450,"date":"2023-11-05T18:32:26","date_gmt":"2023-11-05T18:32:26","guid":{"rendered":"https:\/\/tunisialodge.com\/index.php\/les-evenements-festifs-copy\/"},"modified":"2023-11-24T13:05:08","modified_gmt":"2023-11-24T13:05:08","slug":"les-evenement-entreprise","status":"publish","type":"page","link":"https:\/\/tunisialodge.com\/index.php\/les-evenement-entreprise\/","title":{"rendered":"Les \u00e9v\u00e8nement entreprise"},"content":{"rendered":"\t\t<div data-elementor-type=\"wp-post\" data-elementor-id=\"8450\" class=\"elementor elementor-8450\" data-elementor-post-type=\"page\">\n\t\t\t\t<div class=\"elementor-element elementor-element-ac90d22 e-con-full e-flex wpr-particle-no wpr-jarallax-no wpr-parallax-no wpr-sticky-section-no e-con e-parent\" data-id=\"ac90d22\" data-element_type=\"container\">\n\t\t\t\t<div class=\"elementor-element elementor-element-8fae0a1 elementor-widget elementor-widget-ova_slideshow\" data-id=\"8fae0a1\" data-element_type=\"widget\" data-widget_type=\"ova_slideshow.default\">\n\t\t\t\t<div class=\"elementor-widget-container\">\n\t\t\t\t\t<div class=\"ova_slideshow elementor-slides-wrapper dots_style \" dir=\"ltr\">\n\t\t\t<div class=\"elementor-slides owl-carousel owl-theme owl-loaded arrows-inside arrows-show-always dots-bottom animated owl-animated-out owl-animated-in\" data-owl_carousel=\"{&quot;items&quot;:1,&quot;singleItem&quot;:1,&quot;autoplayTimeout&quot;:1000,&quot;autoplay&quot;:false,&quot;loop&quot;:true,&quot;lazyLoad&quot;:true,&quot;nav&quot;:true,&quot;dots&quot;:true,&quot;rtl&quot;:false,&quot;dotsClass&quot;:&quot;owl-dots&quot;,&quot;navText&quot;:[&quot;&lt;i class=\\&quot;fa fa-angle-left\\&quot; aria-hidden=\\&quot;true\\&quot;&gt;&lt;\\\/i&gt;&quot;,&quot;&lt;i class=\\&quot;fa fa-angle-right\\&quot; aria-hidden=\\&quot;true\\&quot;&gt;&lt;\\\/i&gt;&quot;]}\">\n\t\t\t\t<div class=\" elementor-repeater-item-9cc0b93 items\" data-dot=\" <div><\/div> <button><span><\/span><\/button>\"><div class=\" slide-bg\" ><\/div>\n\t\t\t\t\t\t\t<div class=\"slide-inner\"><div class=\"container\"><div class=\"row\"><div class=\"elementor-slide-content\"><div class=\"second_font elementor-slide-subtitle\"><\/div><div class=\"second_font elementor-slide-title \"><\/div><div class=\"elementor-slide-description\"><\/div><a  class=\"elementor-slide-button \"><\/a><\/div><\/div><\/div><\/div><\/div>\t\t\t<\/div>\n\t\t<\/div>\n\t\t\t\t<\/div>\n\t\t\t\t<\/div>\n\t\t\t\t<\/div>\n\t\t\t\t<section class=\"elementor-section elementor-top-section elementor-element elementor-element-3d8ab82 elementor-section-boxed elementor-section-height-default elementor-section-height-default wpr-particle-no wpr-jarallax-no wpr-parallax-no wpr-sticky-section-no\" data-id=\"3d8ab82\" data-element_type=\"section\">\n\t\t\t\t\t\t<div class=\"elementor-container elementor-column-gap-default\">\n\t\t\t\t\t<div class=\"elementor-column elementor-col-100 elementor-top-column elementor-element elementor-element-87cfc71\" data-id=\"87cfc71\" data-element_type=\"column\">\n\t\t\t<div class=\"elementor-widget-wrap elementor-element-populated\">\n\t\t\t\t\t\t<div class=\"elementor-element elementor-element-7c15478 elementor-widget elementor-widget-ova_about\" data-id=\"7c15478\" data-element_type=\"widget\" data-widget_type=\"ova_about.default\">\n\t\t\t\t<div class=\"elementor-widget-container\">\n\t\t\t\n\t\t\t\t\t<div class=\"ova-about about_version_1\">\n\t\t\t\t<div class=\"text-background\">\n\t\t\t\t\t<span class=\"second_font\">B<\/span>\n\t\t\t\t<\/div>\n\t\t\t\t<div class=\"wrap-ova-about\">\n\t\t\t\t\t<div class=\"cover-image\">\n\t\t\t\t\t\t<a href=\"\" class=\"image-1\" style=\"background-image: url(https:\/\/tunisialodge.com\/wp-content\/uploads\/2023\/11\/event_type_im2_evenement_prive.png)\"  target=\"_blank\" >\n\t\t\t\t\t\t<\/a>\n\t\t\t\t\t\t<a href=\"\" class=\"image-2\" style=\"background-image: url(https:\/\/tunisialodge.com\/wp-content\/uploads\/2023\/11\/1.png)\"  target=\"_blank\" >\n\t\t\t\t\t\t<\/a>\n\t\t\t\t\t<\/div>\n\t\t\t\t\t<div class=\"content\">\n\t\t\t\t\t\t<h4 class=\"sub-title second_font\"><\/h4>\n\t\t\t\t\t\t<h3 class=\"title second_font\"><a href=\"\">Faites de Vos \u00c9v\u00e9nements un Franc Succ\u00e8s dans Notre H\u00f4tel Tunisia Lodge ! <\/a><\/h3>\n\t\t\t\t\t\t<div class=\"desc\">\n\t\t\t\t\t\t\t<p>Chers responsables d'entreprises et organisateurs d'\u00e9v\u00e9nements. Nous sommes ravis de vous pr\u00e9senter une opportunit\u00e9 exceptionnelle pour transformer vos s\u00e9minaires, conf\u00e9rences et incentives en exp\u00e9riences inoubliables au c\u0153ur de la Tunisie.<\/p><p>Notre h\u00f4tel, nich\u00e9 dans un cadre enchanteur de la station baln\u00e9aire d\u2019 Hammamet, offre bien plus qu'un simple lieu de rassemblement. Nous proposons un environnement propice \u00e0 la r\u00e9flexion, \u00e0 la cr\u00e9ativit\u00e9 et \u00e0 la d\u00e9tente, le tout associ\u00e9 \u00e0 des installations modernes et un service de qualit\u00e9 sup\u00e9rieure. Voici pourquoi notre h\u00f4tel est l'endroit id\u00e9al pour vos \u00e9v\u00e9nements professionnels.<\/p>\t\t\t\t\t\t<\/div>\n\t\t\t\t\t\t<a href=\"\" class=\"read-more\"  target=\"_blank\" ><\/a>\n\t\t\t\t\t<\/div>\n\t\t\t\t<\/div>\n\t\t\t<\/div>\n\t\t\n\t\t\n\t\t\n\t\t\t<\/div>\n\t\t\t\t<\/div>\n\t\t\t\t\t<\/div>\n\t\t<\/div>\n\t\t\t\t\t<\/div>\n\t\t<\/section>\n\t\t\t\t<section class=\"elementor-section elementor-top-section elementor-element elementor-element-ec306c9 elementor-section-boxed elementor-section-height-default elementor-section-height-default wpr-particle-no wpr-jarallax-no wpr-parallax-no wpr-sticky-section-no\" data-id=\"ec306c9\" data-element_type=\"section\" data-settings=\"{&quot;background_background&quot;:&quot;classic&quot;}\">\n\t\t\t\t\t\t<div class=\"elementor-container elementor-column-gap-default\">\n\t\t\t\t\t<div class=\"elementor-column elementor-col-100 elementor-top-column elementor-element elementor-element-aa121f6\" data-id=\"aa121f6\" data-element_type=\"column\">\n\t\t\t<div class=\"elementor-widget-wrap elementor-element-populated\">\n\t\t\t\t\t\t<div class=\"elementor-element elementor-element-7964de7 elementor-widget elementor-widget-heading\" data-id=\"7964de7\" data-element_type=\"widget\" data-widget_type=\"heading.default\">\n\t\t\t\t<div class=\"elementor-widget-container\">\n\t\t\t<style>\/*! elementor - v3.23.0 - 05-08-2024 *\/\n.elementor-heading-title{padding:0;margin:0;line-height:1}.elementor-widget-heading .elementor-heading-title[class*=elementor-size-]>a{color:inherit;font-size:inherit;line-height:inherit}.elementor-widget-heading .elementor-heading-title.elementor-size-small{font-size:15px}.elementor-widget-heading .elementor-heading-title.elementor-size-medium{font-size:19px}.elementor-widget-heading .elementor-heading-title.elementor-size-large{font-size:29px}.elementor-widget-heading .elementor-heading-title.elementor-size-xl{font-size:39px}.elementor-widget-heading .elementor-heading-title.elementor-size-xxl{font-size:59px}<\/style><h3 class=\"elementor-heading-title elementor-size-default\">Vous pouvez opter : <\/h3>\t\t<\/div>\n\t\t\t\t<\/div>\n\t\t\t\t\t<\/div>\n\t\t<\/div>\n\t\t\t\t\t<\/div>\n\t\t<\/section>\n\t\t<div class=\"elementor-element elementor-element-574894e e-flex e-con-boxed wpr-particle-no wpr-jarallax-no wpr-parallax-no wpr-sticky-section-no e-con e-parent\" data-id=\"574894e\" data-element_type=\"container\">\n\t\t\t\t\t<div class=\"e-con-inner\">\n\t\t<div class=\"elementor-element elementor-element-a927960 e-con-full e-flex wpr-particle-no wpr-jarallax-no wpr-parallax-no wpr-sticky-section-no e-con e-child\" data-id=\"a927960\" data-element_type=\"container\">\n\t\t\t\t<div class=\"elementor-element elementor-element-cb86c97 elementor-cta--skin-classic elementor-animated-content elementor-bg-transform elementor-bg-transform-zoom-in elementor-widget elementor-widget-call-to-action\" data-id=\"cb86c97\" data-element_type=\"widget\" data-widget_type=\"call-to-action.default\">\n\t\t\t\t<div class=\"elementor-widget-container\">\n\t\t\t<link rel=\"stylesheet\" href=\"https:\/\/tunisialodge.com\/wp-content\/plugins\/pro-elements\/assets\/css\/widget-call-to-action.min.css\">\t\t<div class=\"elementor-cta\" data-e-bg-lazyload=\".elementor-bg\">\n\t\t\t\t\t<div class=\"elementor-cta__bg-wrapper\">\n\t\t\t\t<div class=\"elementor-cta__bg elementor-bg\" style=\"background-image: var(--e-bg-lazyload-loaded); --e-bg-lazyload: url(https:\/\/tunisialodge.com\/wp-content\/uploads\/2023\/11\/Screenshot_20230814_163615_Maps.jpg);\" role=\"img\" aria-label=\"Screenshot_20230814_163615_Maps\"><\/div>\n\t\t\t\t<div class=\"elementor-cta__bg-overlay\"><\/div>\n\t\t\t<\/div>\n\t\t\t\t\t\t\t<div class=\"elementor-cta__content\">\n\t\t\t\t\n\t\t\t\t\n\t\t\t\t\n\t\t\t\t\t\t\t\t\t<div class=\"elementor-cta__button-wrapper elementor-cta__content-item elementor-content-item \">\n\t\t\t\t\t<a class=\"elementor-cta__button elementor-button elementor-size-sm\">\n\t\t\t\t\t\tLa salle Titane d\u2019une capacit\u00e9 de 120 personnes \t\t\t\t\t<\/a>\n\t\t\t\t\t<\/div>\n\t\t\t\t\t\t\t<\/div>\n\t\t\t\t\t\t<\/div>\n\t\t\t\t<\/div>\n\t\t\t\t<\/div>\n\t\t\t\t<\/div>\n\t\t<div class=\"elementor-element elementor-element-f1c0a70 e-con-full e-flex wpr-particle-no wpr-jarallax-no wpr-parallax-no wpr-sticky-section-no e-con e-child\" data-id=\"f1c0a70\" data-element_type=\"container\">\n\t\t\t\t<div class=\"elementor-element elementor-element-5358fb2 elementor-cta--skin-classic elementor-animated-content elementor-bg-transform elementor-bg-transform-zoom-in elementor-widget elementor-widget-call-to-action\" data-id=\"5358fb2\" data-element_type=\"widget\" data-widget_type=\"call-to-action.default\">\n\t\t\t\t<div class=\"elementor-widget-container\">\n\t\t\t\t\t<div class=\"elementor-cta\" data-e-bg-lazyload=\".elementor-bg\">\n\t\t\t\t\t<div class=\"elementor-cta__bg-wrapper\">\n\t\t\t\t<div class=\"elementor-cta__bg elementor-bg\" style=\"background-image: var(--e-bg-lazyload-loaded); --e-bg-lazyload: url(https:\/\/tunisialodge.com\/wp-content\/uploads\/2023\/11\/Screenshot_20230814_164922_Maps.jpg);\" role=\"img\" aria-label=\"Screenshot_20230814_164922_Maps\"><\/div>\n\t\t\t\t<div class=\"elementor-cta__bg-overlay\"><\/div>\n\t\t\t<\/div>\n\t\t\t\t\t\t\t<div class=\"elementor-cta__content\">\n\t\t\t\t\n\t\t\t\t\n\t\t\t\t\n\t\t\t\t\t\t\t\t\t<div class=\"elementor-cta__button-wrapper elementor-cta__content-item elementor-content-item \">\n\t\t\t\t\t<a class=\"elementor-cta__button elementor-button elementor-size-sm\">\n\t\t\t\t\t\tLa salle Acier d\u2019une capacit\u00e9 de 50 personnes \t\t\t\t\t<\/a>\n\t\t\t\t\t<\/div>\n\t\t\t\t\t\t\t<\/div>\n\t\t\t\t\t\t<\/div>\n\t\t\t\t<\/div>\n\t\t\t\t<\/div>\n\t\t\t\t<\/div>\n\t\t<div class=\"elementor-element elementor-element-c2e65a7 e-con-full e-flex wpr-particle-no wpr-jarallax-no wpr-parallax-no wpr-sticky-section-no e-con e-child\" data-id=\"c2e65a7\" data-element_type=\"container\">\n\t\t\t\t<div class=\"elementor-element elementor-element-fa39178 elementor-cta--skin-classic elementor-animated-content elementor-bg-transform elementor-bg-transform-zoom-in elementor-widget elementor-widget-call-to-action\" data-id=\"fa39178\" data-element_type=\"widget\" data-widget_type=\"call-to-action.default\">\n\t\t\t\t<div class=\"elementor-widget-container\">\n\t\t\t\t\t<div class=\"elementor-cta\" data-e-bg-lazyload=\".elementor-bg\">\n\t\t\t\t\t<div class=\"elementor-cta__bg-wrapper\">\n\t\t\t\t<div class=\"elementor-cta__bg elementor-bg\" style=\"background-image: var(--e-bg-lazyload-loaded); --e-bg-lazyload: url(https:\/\/tunisialodge.com\/wp-content\/uploads\/2023\/11\/20230922_124106.jpg);\" role=\"img\" aria-label=\"20230922_124106\"><\/div>\n\t\t\t\t<div class=\"elementor-cta__bg-overlay\"><\/div>\n\t\t\t<\/div>\n\t\t\t\t\t\t\t<div class=\"elementor-cta__content\">\n\t\t\t\t\n\t\t\t\t\n\t\t\t\t\n\t\t\t\t\t\t\t\t\t<div class=\"elementor-cta__button-wrapper elementor-cta__content-item elementor-content-item \">\n\t\t\t\t\t<a class=\"elementor-cta__button elementor-button elementor-size-sm\">\n\t\t\t\t\t\tLa salle Nickel d\u2019une capacit\u00e9 de 20 personnes \t\t\t\t\t<\/a>\n\t\t\t\t\t<\/div>\n\t\t\t\t\t\t\t<\/div>\n\t\t\t\t\t\t<\/div>\n\t\t\t\t<\/div>\n\t\t\t\t<\/div>\n\t\t\t\t<\/div>\n\t\t\t\t\t<\/div>\n\t\t\t\t<\/div>\n\t\t<div class=\"elementor-element elementor-element-ec151c2 e-flex e-con-boxed wpr-particle-no wpr-jarallax-no wpr-parallax-no wpr-sticky-section-no e-con e-parent\" data-id=\"ec151c2\" data-element_type=\"container\">\n\t\t\t\t\t<div class=\"e-con-inner\">\n\t\t\t\t<div class=\"elementor-element elementor-element-b2a3386 elementor-widget elementor-widget-text-editor\" data-id=\"b2a3386\" data-element_type=\"widget\" data-widget_type=\"text-editor.default\">\n\t\t\t\t<div class=\"elementor-widget-container\">\n\t\t\t<style>\/*! elementor - v3.23.0 - 05-08-2024 *\/\n.elementor-widget-text-editor.elementor-drop-cap-view-stacked .elementor-drop-cap{background-color:#69727d;color:#fff}.elementor-widget-text-editor.elementor-drop-cap-view-framed .elementor-drop-cap{color:#69727d;border:3px solid;background-color:transparent}.elementor-widget-text-editor:not(.elementor-drop-cap-view-default) .elementor-drop-cap{margin-top:8px}.elementor-widget-text-editor:not(.elementor-drop-cap-view-default) .elementor-drop-cap-letter{width:1em;height:1em}.elementor-widget-text-editor .elementor-drop-cap{float:left;text-align:center;line-height:1;font-size:50px}.elementor-widget-text-editor .elementor-drop-cap-letter{display:inline-block}<\/style>\t\t\t\t<p><span style=\"color: #013aa1;\"><strong>Cadre Inspirant :<\/strong><\/span> Offrez \u00e0 vos participants une pause loin du quotidien, dans un cadre naturel qui stimulera leur cr\u00e9ativit\u00e9 et favorisera une r\u00e9flexion profonde.<\/p><p><span style=\"color: #013aa1;\"><strong>\u00c9quipements de Pointe :<\/strong><\/span> Nos salles de conf\u00e9rence sont \u00e9quip\u00e9es des derni\u00e8res technologies audiovisuelles, garantissant des pr\u00e9sentations fluides et interactives.<\/p><p><span style=\"color: #013aa1;\"><strong>\u00c9quipe D\u00e9vou\u00e9e :<\/strong><\/span> Notre personnel exp\u00e9riment\u00e9 est d\u00e9di\u00e9 \u00e0 assurer le bon d\u00e9roulement de votre \u00e9v\u00e9nement, en s&#8217;occupant de tous les d\u00e9tails logistiques pour que vous puissiez vous concentrer sur le contenu.<\/p><p><span style=\"color: #013aa1;\"><strong>Options de Restauration Entreprise :<\/strong><\/span> Du buffet haut de gamme au cocktail Th\u00e9matique, nos chefs pr\u00e9parent une vari\u00e9t\u00e9 de mets qui raviront les palais les plus exigeants en veillant toujours \u00e0 vous offrir le meilleur rapport Qualit\u00e9\/Prix.<\/p><p><span style=\"color: #013aa1;\"><strong>Activit\u00e9s de Team Building :<\/strong><\/span> Compl\u00e9tez votre \u00e9v\u00e9nement par des activit\u00e9s de team building passionnantes sur la plage, dans les souks locaux ou \u00e0 travers des excursions culturelles uniques ou dans notre espace d\u00e9tente \u00e0 l\u2019h\u00f4tel avec sa grande piscine int\u00e9rieure et son hammam.<\/p><p><span style=\"color: #013aa1;\"><strong>H\u00e9bergement Confortable :<\/strong><\/span> Nos chambres et suites luxueuses offrent un espace de d\u00e9tente o\u00f9 vos participants pourront se ressourcer apr\u00e8s une journ\u00e9e productive. Laissez-nous prendre en charge tous les d\u00e9tails pour que votre \u00e9v\u00e9nement se d\u00e9roule sans accroc, du d\u00e9but \u00e0 la fin.<\/p>\t\t\t\t\t\t<\/div>\n\t\t\t\t<\/div>\n\t\t\t\t\t<\/div>\n\t\t\t\t<\/div>\n\t\t<div class=\"elementor-element elementor-element-b463250 e-flex e-con-boxed wpr-particle-no wpr-jarallax-no wpr-parallax-no wpr-sticky-section-no e-con e-parent\" data-id=\"b463250\" data-element_type=\"container\">\n\t\t\t\t\t<div class=\"e-con-inner\">\n\t\t\t\t<div class=\"elementor-element elementor-element-9779924 elementor-widget elementor-widget-heading\" data-id=\"9779924\" data-element_type=\"widget\" data-widget_type=\"heading.default\">\n\t\t\t\t<div class=\"elementor-widget-container\">\n\t\t\t<h2 class=\"elementor-heading-title elementor-size-default\">Parlez nous aujourd'hui de votre demande de s\u00e9jour<\/h2>\t\t<\/div>\n\t\t\t\t<\/div>\n\t\t\t\t\t<\/div>\n\t\t\t\t<\/div>\n\t\t<div class=\"elementor-element elementor-element-7a04c4c e-flex e-con-boxed wpr-particle-no wpr-jarallax-no wpr-parallax-no wpr-sticky-section-no e-con e-parent\" data-id=\"7a04c4c\" data-element_type=\"container\">\n\t\t\t\t\t<div class=\"e-con-inner\">\n\t\t\t\t<div class=\"elementor-element elementor-element-8f59242 elementor-align-center elementor-widget elementor-widget-button\" data-id=\"8f59242\" data-element_type=\"widget\" data-widget_type=\"button.default\">\n\t\t\t\t<div class=\"elementor-widget-container\">\n\t\t\t\t\t<div class=\"elementor-button-wrapper\">\n\t\t\t<a class=\"elementor-button elementor-button-link elementor-size-lg\" href=\"https:\/\/tunisialodge.com\/index.php\/reservation\/\">\n\t\t\t\t\t\t<span class=\"elementor-button-content-wrapper\">\n\t\t\t\t\t\t\t\t\t<span class=\"elementor-button-text\">R\u00e9servez <\/span>\n\t\t\t\t\t<\/span>\n\t\t\t\t\t<\/a>\n\t\t<\/div>\n\t\t\t\t<\/div>\n\t\t\t\t<\/div>\n\t\t\t\t\t<\/div>\n\t\t\t\t<\/div>\n\t\t\t\t<\/div>\n\t\t","protected":false},"excerpt":{"rendered":"<p>&#8220;> B Faites de Vos \u00c9v\u00e9nements un Franc Succ\u00e8s dans Notre H\u00f4tel Tunisia Lodge ! Chers responsables d&#8217;entreprises et organisateurs d&#8217;\u00e9v\u00e9nements. Nous sommes ravis de vous pr\u00e9senter une opportunit\u00e9 exceptionnelle pour transformer vos s\u00e9minaires, conf\u00e9rences et incentives en exp\u00e9riences inoubliables au c\u0153ur de la Tunisie. Notre h\u00f4tel, nich\u00e9 dans un cadre enchanteur de la station [&hellip;]<\/p>\n","protected":false},"author":1,"featured_media":0,"parent":0,"menu_order":0,"comment_status":"closed","ping_status":"closed","template":"elementor_header_footer","meta":{"_vp_format_video_url":"","_vp_image_focal_point":[],"footnotes":""},"class_list":["post-8450","page","type-page","status-publish","hentry"],"_links":{"self":[{"href":"https:\/\/tunisialodge.com\/index.php\/wp-json\/wp\/v2\/pages\/8450","targetHints":{"allow":["GET"]}}],"collection":[{"href":"https:\/\/tunisialodge.com\/index.php\/wp-json\/wp\/v2\/pages"}],"about":[{"href":"https:\/\/tunisialodge.com\/index.php\/wp-json\/wp\/v2\/types\/page"}],"author":[{"embeddable":true,"href":"https:\/\/tunisialodge.com\/index.php\/wp-json\/wp\/v2\/users\/1"}],"replies":[{"embeddable":true,"href":"https:\/\/tunisialodge.com\/index.php\/wp-json\/wp\/v2\/comments?post=8450"}],"version-history":[{"count":84,"href":"https:\/\/tunisialodge.com\/index.php\/wp-json\/wp\/v2\/pages\/8450\/revisions"}],"predecessor-version":[{"id":9388,"href":"https:\/\/tunisialodge.com\/index.php\/wp-json\/wp\/v2\/pages\/8450\/revisions\/9388"}],"wp:attachment":[{"href":"https:\/\/tunisialodge.com\/index.php\/wp-json\/wp\/v2\/media?parent=8450"}],"curies":[{"name":"wp","href":"https:\/\/api.w.org\/{rel}","templated":true}]}}